{"id":13,"date":"2026-01-21T16:44:33","date_gmt":"2026-01-21T16:44:33","guid":{"rendered":"https:\/\/funerariaviscarra.cl\/?page_id=13"},"modified":"2026-01-29T02:24:02","modified_gmt":"2026-01-29T02:24:02","slug":"quienes-somos","status":"publish","type":"page","link":"https:\/\/funerariaviscarra.cl\/index.php\/quienes-somos\/","title":{"rendered":"Qui\u00e9nes Somos"},"content":{"rendered":"\n<div class=\"wp-block-group alignfull has-global-padding is-layout-constrained wp-container-core-group-is-layout-490fa1db wp-block-group-is-layout-constrained\" style=\"padding-top:var(--wp--preset--spacing--50);padding-right:var(--wp--preset--spacing--50);padding-bottom:var(--wp--preset--spacing--50);padding-left:var(--wp--preset--spacing--50)\">\n<div class=\"wp-block-group has-global-padding is-layout-constrained wp-container-core-group-is-layout-650790e1 wp-block-group-is-layout-constrained\">\n<h1 class=\"wp-block-heading has-text-align-center has-x-large-font-size\">Somos una funeraria familiar con m\u00e1s de 10 a\u00f1os de experiencia,<br>fundada y atendida por un padre y su hijo, quienes creen que el acompa\u00f1amiento, la empat\u00eda y la claridad son fundamentales en los momentos m\u00e1s dif\u00edciles.<\/h1>\n\n\n\n<p class=\"has-text-align-center\"><\/p>\n<\/div>\n\n\n\n<div style=\"height:var(--wp--preset--spacing--30)\" aria-hidden=\"true\" class=\"wp-block-spacer\"><\/div>\n\n\n\n<figure class=\"wp-block-image alignwide size-full is-style-rounded is-style-rounded--1\"><img fetchpriority=\"high\" decoding=\"async\" width=\"1200\" height=\"800\" src=\"https:\/\/funerariaviscarra.cl\/wp-content\/uploads\/2026\/01\/f434a75d10175359dabdf66fd506-1703212.jpg\" alt=\"\" class=\"wp-image-15\" srcset=\"https:\/\/funerariaviscarra.cl\/wp-content\/uploads\/2026\/01\/f434a75d10175359dabdf66fd506-1703212.jpg 1200w, https:\/\/funerariaviscarra.cl\/wp-content\/uploads\/2026\/01\/f434a75d10175359dabdf66fd506-1703212-300x200.jpg 300w, https:\/\/funerariaviscarra.cl\/wp-content\/uploads\/2026\/01\/f434a75d10175359dabdf66fd506-1703212-1024x683.jpg 1024w, https:\/\/funerariaviscarra.cl\/wp-content\/uploads\/2026\/01\/f434a75d10175359dabdf66fd506-1703212-768x512.jpg 768w\" sizes=\"(max-width: 1200px) 100vw, 1200px\" \/><\/figure>\n<\/div>\n\n\n\n<div class=\"wp-block-group alignfull has-global-padding is-layout-constrained wp-container-core-group-is-layout-d89aad35 wp-block-group-is-layout-constrained\" style=\"margin-top:0;margin-bottom:0;padding-top:var(--wp--preset--spacing--50);padding-right:var(--wp--preset--spacing--50);padding-bottom:var(--wp--preset--spacing--50);padding-left:var(--wp--preset--spacing--50)\">\n<div class=\"wp-block-group alignwide has-global-padding is-layout-constrained wp-container-core-group-is-layout-19e250f3 wp-block-group-is-layout-constrained\">\n<div style=\"height:var(--wp--preset--spacing--40)\" aria-hidden=\"true\" class=\"wp-block-spacer\"><\/div>\n\n\n\n<div class=\"wp-block-columns alignwide is-layout-flex wp-container-core-columns-is-layout-d1c656ed wp-block-columns-is-layout-flex\">\n<div class=\"wp-block-column is-vertically-aligned-center is-layout-flow wp-block-column-is-layout-flow\" style=\"flex-basis:40%\">\n<h3 class=\"wp-block-heading is-style-asterisk\">M\u00e1s de 10 a\u00f1os de experiencia al servicio de las familias,<br>una funeraria familiar liderada por padre e hijo.<\/h3>\n<\/div>\n\n\n\n<div class=\"wp-block-column is-layout-flow wp-block-column-is-layout-flow\" style=\"flex-basis:50%\">\n<figure class=\"wp-block-image size-large is-style-rounded is-style-rounded--2\"><img decoding=\"async\" width=\"768\" height=\"1024\" src=\"https:\/\/funerariaviscarra.cl\/wp-content\/uploads\/2026\/01\/20210919_110856-768x1024.jpg\" alt=\"\" class=\"wp-image-27\" srcset=\"https:\/\/funerariaviscarra.cl\/wp-content\/uploads\/2026\/01\/20210919_110856-768x1024.jpg 768w, https:\/\/funerariaviscarra.cl\/wp-content\/uploads\/2026\/01\/20210919_110856-225x300.jpg 225w, https:\/\/funerariaviscarra.cl\/wp-content\/uploads\/2026\/01\/20210919_110856-1152x1536.jpg 1152w, https:\/\/funerariaviscarra.cl\/wp-content\/uploads\/2026\/01\/20210919_110856-rotated.jpg 1512w\" sizes=\"(max-width: 768px) 100vw, 768px\" \/><\/figure>\n<\/div>\n<\/div>\n\n\n\n<div style=\"height:var(--wp--preset--spacing--40)\" aria-hidden=\"true\" class=\"wp-block-spacer\"><\/div>\n\n\n\n<div class=\"wp-block-columns alignwide is-layout-flex wp-container-core-columns-is-layout-d1c656ed wp-block-columns-is-layout-flex\">\n<div class=\"wp-block-column is-layout-flow wp-block-column-is-layout-flow\" style=\"flex-basis:50%\">\n<figure class=\"wp-block-image size-large is-style-rounded is-style-rounded--3\"><img decoding=\"async\" width=\"768\" height=\"1024\" src=\"https:\/\/funerariaviscarra.cl\/wp-content\/uploads\/2026\/01\/20210919_110906-768x1024.jpg\" alt=\"\" class=\"wp-image-28\" srcset=\"https:\/\/funerariaviscarra.cl\/wp-content\/uploads\/2026\/01\/20210919_110906-768x1024.jpg 768w, https:\/\/funerariaviscarra.cl\/wp-content\/uploads\/2026\/01\/20210919_110906-225x300.jpg 225w, https:\/\/funerariaviscarra.cl\/wp-content\/uploads\/2026\/01\/20210919_110906-1152x1536.jpg 1152w, https:\/\/funerariaviscarra.cl\/wp-content\/uploads\/2026\/01\/20210919_110906-rotated.jpg 1512w\" sizes=\"(max-width: 768px) 100vw, 768px\" \/><\/figure>\n<\/div>\n\n\n\n<div class=\"wp-block-column is-vertically-aligned-center is-layout-flow wp-block-column-is-layout-flow\" style=\"flex-basis:40%\">\n<h3 class=\"wp-block-heading is-style-asterisk\">En FUNERARIA VISCARRA nos encargamos de todo, para que usted y su familia puedan enfocarse en despedirse con tranquilidad.<\/h3>\n<\/div>\n<\/div>\n<\/div>\n<\/div>\n\n\n\n<div class=\"wp-block-group alignfull has-base-color has-contrast-background-color has-text-color has-background has-global-padding is-layout-constrained wp-container-core-group-is-layout-ef3d885c wp-block-group-is-layout-constrained\" style=\"margin-top:0;margin-bottom:0;padding-top:var(--wp--preset--spacing--60);padding-right:var(--wp--preset--spacing--60);padding-bottom:var(--wp--preset--spacing--60);padding-left:var(--wp--preset--spacing--60)\">\n<div class=\"wp-block-group has-global-padding is-layout-constrained wp-block-group-is-layout-constrained\">\n<p class=\"has-text-align-center has-base-color has-text-color has-heading-font-family has-x-large-font-size\" style=\"line-height:1.2\"><em><strong>\u201cLa muerte es solo el comienzo del descanso eterno.\u201d<\/strong><br>\u2014 <em>S\u00e9neca<\/em><\/em><\/p>\n\n\n\n<div style=\"height:var(--wp--preset--spacing--10)\" aria-hidden=\"true\" class=\"wp-block-spacer\"><\/div>\n<\/div>\n\n\n\n<div class=\"wp-block-group is-vertical is-content-justification-center is-nowrap is-layout-flex wp-container-core-group-is-layout-2dc08cea wp-block-group-is-layout-flex\">\n<figure class=\"wp-block-image aligncenter size-thumbnail has-custom-border\"><img loading=\"lazy\" decoding=\"async\" width=\"150\" height=\"150\" src=\"https:\/\/funerariaviscarra.cl\/wp-content\/uploads\/2026\/01\/ChatGPT-Image-Jan-28-2026-12_06_10-PM-150x150.png\" alt=\"\" class=\"wp-image-31\" style=\"border-radius:100px;aspect-ratio:1;object-fit:cover\"\/><\/figure>\n\n\n\n<p class=\"has-text-align-center\" style=\"margin-top:var(--wp--preset--spacing--10);margin-bottom:0\"><\/p>\n\n\n\n<p class=\"has-text-align-center has-contrast-3-color has-text-color has-small-font-size\" style=\"font-style:normal;font-weight:300\"><\/p>\n<\/div>\n<\/div>\n\n\n\n<div class=\"wp-block-group alignfull has-global-padding is-layout-constrained wp-container-core-group-is-layout-d89aad35 wp-block-group-is-layout-constrained\" style=\"margin-top:0;margin-bottom:0;padding-top:var(--wp--preset--spacing--50);padding-right:var(--wp--preset--spacing--50);padding-bottom:var(--wp--preset--spacing--50);padding-left:var(--wp--preset--spacing--50)\">\n<h2 class=\"wp-block-heading alignwide has-x-large-font-size\" style=\"margin-top:0;margin-bottom:var(--wp--preset--spacing--40);line-height:1\"> <\/h2>\n\n\n\n<div class=\"wp-block-group alignwide has-global-padding is-layout-constrained wp-block-group-is-layout-constrained\">\n<div class=\"wp-block-query alignwide is-layout-flow wp-block-query-is-layout-flow\">\n\n\n<div style=\"height:var(--wp--preset--spacing--30)\" aria-hidden=\"true\" class=\"wp-block-spacer\"><\/div>\n<\/div>\n<\/div>\n<\/div>\n\n\n\n<div class=\"wp-block-group alignfull has-global-padding is-layout-constrained wp-container-core-group-is-layout-d89aad35 wp-block-group-is-layout-constrained\" style=\"margin-top:0;margin-bottom:0;padding-top:var(--wp--preset--spacing--50);padding-right:var(--wp--preset--spacing--50);padding-bottom:var(--wp--preset--spacing--50);padding-left:var(--wp--preset--spacing--50)\"><\/div>\n","protected":false},"excerpt":{"rendered":"<p>Somos una funeraria familiar con m\u00e1s de 10 a\u00f1os de experiencia,fundada y atendida por un padre y su hijo, quienes creen que el acompa\u00f1amiento, la empat\u00eda y la claridad son fundamentales en los momentos m\u00e1s dif\u00edciles. M\u00e1s de 10 a\u00f1os de experiencia al servicio de las familias,una funeraria familiar liderada por padre e hijo. En [&hellip;]<\/p>\n","protected":false},"author":1,"featured_media":0,"parent":0,"menu_order":0,"comment_status":"closed","ping_status":"closed","template":"","meta":{"footnotes":""},"class_list":["post-13","page","type-page","status-publish","hentry"],"_links":{"self":[{"href":"https:\/\/funerariaviscarra.cl\/index.php\/wp-json\/wp\/v2\/pages\/13","targetHints":{"allow":["GET"]}}],"collection":[{"href":"https:\/\/funerariaviscarra.cl\/index.php\/wp-json\/wp\/v2\/pages"}],"about":[{"href":"https:\/\/funerariaviscarra.cl\/index.php\/wp-json\/wp\/v2\/types\/page"}],"author":[{"embeddable":true,"href":"https:\/\/funerariaviscarra.cl\/index.php\/wp-json\/wp\/v2\/users\/1"}],"replies":[{"embeddable":true,"href":"https:\/\/funerariaviscarra.cl\/index.php\/wp-json\/wp\/v2\/comments?post=13"}],"version-history":[{"count":2,"href":"https:\/\/funerariaviscarra.cl\/index.php\/wp-json\/wp\/v2\/pages\/13\/revisions"}],"predecessor-version":[{"id":38,"href":"https:\/\/funerariaviscarra.cl\/index.php\/wp-json\/wp\/v2\/pages\/13\/revisions\/38"}],"wp:attachment":[{"href":"https:\/\/funerariaviscarra.cl\/index.php\/wp-json\/wp\/v2\/media?parent=13"}],"curies":[{"name":"wp","href":"https:\/\/api.w.org\/{rel}","templated":true}]}}